{"id":450,"date":"2023-06-09T16:30:06","date_gmt":"2023-06-09T14:30:06","guid":{"rendered":"https:\/\/www.vignevasion-provence.com\/?page_id=450"},"modified":"2023-06-09T16:58:37","modified_gmt":"2023-06-09T14:58:37","slug":"seminaire-a-marseille","status":"publish","type":"page","link":"https:\/\/www.vignevasion-provence.com\/en\/seminaires-dentreprise\/seminaire-a-marseille\/","title":{"rendered":"S\u00e9minaire d&rsquo;entreprise \u00e0 Marseille"},"content":{"rendered":"\t\t<div data-elementor-type=\"wp-page\" data-elementor-id=\"450\" class=\"elementor elementor-450\" data-elementor-post-type=\"page\">\n\t\t\t\t\t\t<section class=\"elementor-section elementor-top-section elementor-element elementor-element-6edcfdde elementor-section-boxed elementor-section-height-default elementor-section-height-default\" data-id=\"6edcfdde\" data-element_type=\"section\" data-e-type=\"section\" data-settings=\"{&quot;jet_parallax_layout_list&quot;:[]}\">\n\t\t\t\t\t\t<div class=\"elementor-container elementor-column-gap-default\">\n\t\t\t\t\t<div class=\"elementor-column elementor-col-100 elementor-top-column elementor-element elementor-element-29bf979\" data-id=\"29bf979\" data-element_type=\"column\" data-e-type=\"column\">\n\t\t\t<div class=\"elementor-widget-wrap elementor-element-populated\">\n\t\t\t\t\t\t<div class=\"elementor-element elementor-element-9365aef elementor-widget elementor-widget-image\" data-id=\"9365aef\" data-element_type=\"widget\" data-e-type=\"widget\" data-widget_type=\"image.default\">\n\t\t\t\t<div class=\"elementor-widget-container\">\n\t\t\t\t\t\t\t\t\t\t\t\t\t\t\t<img fetchpriority=\"high\" decoding=\"async\" width=\"655\" height=\"437\" src=\"https:\/\/www.vignevasion-provence.com\/wp-content\/uploads\/2023\/06\/ima-image-34189.jpeg\" class=\"attachment-large size-large wp-image-451\" alt=\"Vieux Port Marseille\" srcset=\"https:\/\/www.vignevasion-provence.com\/wp-content\/uploads\/2023\/06\/ima-image-34189.jpeg 655w, https:\/\/www.vignevasion-provence.com\/wp-content\/uploads\/2023\/06\/ima-image-34189-300x200.jpeg 300w, https:\/\/www.vignevasion-provence.com\/wp-content\/uploads\/2023\/06\/ima-image-34189-18x12.jpeg 18w\" sizes=\"(max-width: 655px) 100vw, 655px\" \/>\t\t\t\t\t\t\t\t\t\t\t\t\t\t\t<\/div>\n\t\t\t\t<\/div>\n\t\t\t\t<div class=\"elementor-element elementor-element-df95e70 elementor-widget elementor-widget-button\" data-id=\"df95e70\" data-element_type=\"widget\" data-e-type=\"widget\" data-widget_type=\"button.default\">\n\t\t\t\t<div class=\"elementor-widget-container\">\n\t\t\t\t\t\t\t\t\t<div class=\"elementor-button-wrapper\">\n\t\t\t\t\t<a class=\"elementor-button elementor-button-link elementor-size-sm\" href=\"https:\/\/www.vignevasion-provence.com\/contact\/\">\n\t\t\t\t\t\t<span class=\"elementor-button-content-wrapper\">\n\t\t\t\t\t\t\t\t\t<span class=\"elementor-button-text\">Contactez-nous<\/span>\n\t\t\t\t\t<\/span>\n\t\t\t\t\t<\/a>\n\t\t\t\t<\/div>\n\t\t\t\t\t\t\t\t<\/div>\n\t\t\t\t<\/div>\n\t\t\t\t<div class=\"elementor-element elementor-element-86d9819 elementor-widget elementor-widget-text-editor\" data-id=\"86d9819\" data-element_type=\"widget\" data-e-type=\"widget\" data-widget_type=\"text-editor.default\">\n\t\t\t\t<div class=\"elementor-widget-container\">\n\t\t\t\t\t\t\t\t\t<div class=\"flex-1 overflow-hidden\"><div class=\"react-scroll-to-bottom--css-cxffo-79elbk h-full dark:bg-gray-800\"><div class=\"react-scroll-to-bottom--css-cxffo-1n7m0yu\"><div class=\"flex flex-col text-sm dark:bg-gray-800\"><div class=\"group w-full text-gray-800 dark:text-gray-100 border-b border-black\/10 dark:border-gray-900\/50 bg-gray-50 dark:bg-[#444654]\"><div class=\"flex p-4 gap-4 text-base md:gap-6 md:max-w-3xl md:py-6 lg:px-0 m-auto\"><div class=\"relative flex w-[calc(100%-50px)] flex-col gap-1 md:gap-3 lg:w-[calc(100%-115px)]\"><div class=\"flex flex-grow flex-col gap-3\"><div class=\"flex flex-col items-start gap-4 whitespace-pre-wrap break-words\"><div class=\"markdown prose w-full break-words dark:prose-invert light\"><p>\u00a0<\/p><p>\u00a0<\/p><p>Plongez dans l&rsquo;authenticit\u00e9 des s\u00e9minaires \u00e0 Marseille : une exp\u00e9rience unique et captivante vous attend au c\u0153ur de cette ville dynamique et ensoleill\u00e9e.<\/p><p>Marseille, c&rsquo;est bien plus qu&rsquo;une destination touristique, c&rsquo;est un v\u00e9ritable melting-pot culturel qui regorge de tr\u00e9sors authentiques. Lors de vos s\u00e9minaires d&rsquo;entreprise \u00e0 Marseille, vous aurez l&rsquo;occasion de vous immerger dans l&rsquo;\u00e2me de la ville, de d\u00e9couvrir son histoire riche et de vous connecter avec ses habitants passionn\u00e9s.<\/p><p>Pour commencer, laissez-vous charmer par le Vieux-Port, le c\u0153ur battant de Marseille. Ici, vous pourrez organiser des r\u00e9unions dans des lieux embl\u00e9matiques tels que le Mucem ou l&rsquo;H\u00f4tel de Ville, o\u00f9 l&rsquo;histoire se m\u00eale harmonieusement \u00e0 la modernit\u00e9. Vous serez envelopp\u00e9 par l&rsquo;atmosph\u00e8re anim\u00e9e du port, avec les bateaux color\u00e9s, les marchands ambulants et les poissons fra\u00eechement p\u00each\u00e9s qui ajoutent une touche pittoresque \u00e0 vos journ\u00e9es de travail.<\/p><p>Mais ce qui rend les s\u00e9minaires \u00e0 Marseille vraiment uniques, ce sont les rencontres avec les Marseillais eux-m\u00eames. Leur authenticit\u00e9 et leur chaleur vous laisseront des souvenirs imp\u00e9rissables. Profitez des pauses entre les sessions pour vous promener dans les rues \u00e9troites du Panier, le quartier historique de la ville, o\u00f9 les habitants vous accueilleront avec un sourire sinc\u00e8re. Vous pourrez d\u00e9couvrir des artisans passionn\u00e9s, des boutiques locales, et \u00e9changer avec les habitants qui vous raconteront les histoires fascinantes de leur quartier.<\/p><p>Et bien s\u00fbr, comment parler de Marseille sans \u00e9voquer sa d\u00e9licieuse cuisine m\u00e9diterran\u00e9enne ? Laissez-vous s\u00e9duire par les saveurs authentiques des bouillabaisses, des panisses, des pieds-paquets et des calissons. Organisez des d\u00e9gustations culinaires o\u00f9 vos participants pourront s&rsquo;initier aux secrets de la cuisine proven\u00e7ale, en apprenant \u00e0 pr\u00e9parer une ratatouille ou \u00e0 choisir le meilleur pastis pour accompagner leur ap\u00e9ritif. La gastronomie \u00e0 Marseille est une v\u00e9ritable invitation \u00e0 savourer la vie.<\/p><p>En dehors des r\u00e9unions, Marseille offre \u00e9galement des activit\u00e9s de team building authentiques. Partez \u00e0 l&rsquo;aventure en kayak dans les Calanques, o\u00f9 vous pourrez admirer les paysages spectaculaires de la M\u00e9diterran\u00e9e tout en renfor\u00e7ant les liens avec votre \u00e9quipe. Organisez une excursion en bateau pour explorer les \u00eeles du Frioul ou d\u00e9fiez-vous lors d&rsquo;un tournoi de p\u00e9tanque endiabl\u00e9, o\u00f9 l&rsquo;esprit comp\u00e9titif se m\u00eale \u00e0 la bonne humeur.<\/p><p>En conclusion, les s\u00e9minaires authentiques \u00e0 Marseille sont une invitation \u00e0 vivre la ville dans toute sa splendeur. Des r\u00e9unions dans des lieux embl\u00e9matiques \u00e0 la d\u00e9couverte de la culture locale, en passant par la d\u00e9gustation de sp\u00e9cialit\u00e9s culinaires et les activit\u00e9s de team building, chaque instant sera empreint d&rsquo;authenticit\u00e9. Alors, laissez-vous s\u00e9duire par le charme m\u00e9diterran\u00e9en de Marseille et cr\u00e9ez des souvenirs inoubliables lors de vos s\u00e9minaires d&rsquo;entreprise.<\/p><p>\u00a0<\/p><\/div><\/div><\/div><div class=\"flex justify-between lg:block\"><div class=\"text-gray-400 flex self-end lg:self-center justify-center mt-2 gap-2 md:gap-3 lg:gap-1 lg:absolute lg:top-0 lg:translate-x-full lg:right-0 lg:mt-0 lg:pl-2 visible\"><p>\u00a0<\/p><div class=\"flex gap-1\">\u00a0<\/div><\/div><\/div><\/div><\/div><\/div><div class=\"h-32 md:h-48 flex-shrink-0\">\u00a0<\/div><\/div><\/div><\/div><\/div><div class=\"absolute bottom-0 left-0 w-full border-t md:border-t-0 dark:border-white\/20 md:border-transparent md:dark:border-transparent md:bg-vert-light-gradient bg-white dark:bg-gray-800 md:!bg-transparent dark:md:bg-vert-dark-gradient pt-2\"><form class=\"stretch mx-2 flex flex-row gap-3 last:mb-2 md:mx-4 md:last:mb-6 lg:mx-auto lg:max-w-2xl xl:max-w-3xl\"><div class=\"relative flex h-full flex-1 items-stretch md:flex-col\" role=\"presentation\"><div class=\"\"><div class=\"h-full flex ml-1 md:w-full md:m-auto md:mb-2 gap-0 md:gap-2 justify-center\"><div class=\"flex w-full gap-2 items-center justify-center\">\u00a0<\/div><\/div><\/div><\/div><\/form><\/div>\t\t\t\t\t\t\t\t<\/div>\n\t\t\t\t<\/div>\n\t\t\t\t\t<\/div>\n\t\t<\/div>\n\t\t\t\t\t<\/div>\n\t\t<\/section>\n\t\t\t\t<section class=\"elementor-section elementor-top-section elementor-element elementor-element-4409fb1 elementor-section-boxed elementor-section-height-default elementor-section-height-default\" data-id=\"4409fb1\" data-element_type=\"section\" data-e-type=\"section\" data-settings=\"{&quot;jet_parallax_layout_list&quot;:[]}\">\n\t\t\t\t\t\t<div class=\"elementor-container elementor-column-gap-default\">\n\t\t\t\t\t<div class=\"elementor-column elementor-col-100 elementor-top-column elementor-element elementor-element-72a6b85\" data-id=\"72a6b85\" data-element_type=\"column\" data-e-type=\"column\">\n\t\t\t<div class=\"elementor-widget-wrap elementor-element-populated\">\n\t\t\t\t\t\t<div class=\"elementor-element elementor-element-0ea6606 elementor-widget elementor-widget-button\" data-id=\"0ea6606\" data-element_type=\"widget\" data-e-type=\"widget\" data-widget_type=\"button.default\">\n\t\t\t\t<div class=\"elementor-widget-container\">\n\t\t\t\t\t\t\t\t\t<div class=\"elementor-button-wrapper\">\n\t\t\t\t\t<a class=\"elementor-button elementor-button-link elementor-size-sm\" href=\"https:\/\/www.vignevasion-provence.com\/contact\/\">\n\t\t\t\t\t\t<span class=\"elementor-button-content-wrapper\">\n\t\t\t\t\t\t\t\t\t<span class=\"elementor-button-text\">Contactez-nous<\/span>\n\t\t\t\t\t<\/span>\n\t\t\t\t\t<\/a>\n\t\t\t\t<\/div>\n\t\t\t\t\t\t\t\t<\/div>\n\t\t\t\t<\/div>\n\t\t\t\t\t<\/div>\n\t\t<\/div>\n\t\t\t\t\t<\/div>\n\t\t<\/section>\n\t\t\t\t<\/div>\n\t\t","protected":false},"excerpt":{"rendered":"<p>Contactez-nous Plongez dans l&rsquo;authenticit\u00e9 des s\u00e9minaires \u00e0 Marseille : une exp\u00e9rience unique et captivante vous attend au c\u0153ur de cette ville dynamique et ensoleill\u00e9e. Marseille, c&rsquo;est bien plus qu&rsquo;une destination touristique, c&rsquo;est un v\u00e9ritable melting-pot culturel qui regorge de tr\u00e9sors authentiques. Lors de vos s\u00e9minaires d&rsquo;entreprise \u00e0 Marseille, vous aurez l&rsquo;occasion de vous immerger dans [&hellip;]<\/p>\n","protected":false},"author":2,"featured_media":451,"parent":14,"menu_order":0,"comment_status":"closed","ping_status":"closed","template":"elementor_theme","meta":{"footnotes":""},"class_list":["post-450","page","type-page","status-publish","has-post-thumbnail","hentry"],"_links":{"self":[{"href":"https:\/\/www.vignevasion-provence.com\/en\/wp-json\/wp\/v2\/pages\/450","targetHints":{"allow":["GET"]}}],"collection":[{"href":"https:\/\/www.vignevasion-provence.com\/en\/wp-json\/wp\/v2\/pages"}],"about":[{"href":"https:\/\/www.vignevasion-provence.com\/en\/wp-json\/wp\/v2\/types\/page"}],"author":[{"embeddable":true,"href":"https:\/\/www.vignevasion-provence.com\/en\/wp-json\/wp\/v2\/users\/2"}],"replies":[{"embeddable":true,"href":"https:\/\/www.vignevasion-provence.com\/en\/wp-json\/wp\/v2\/comments?post=450"}],"version-history":[{"count":0,"href":"https:\/\/www.vignevasion-provence.com\/en\/wp-json\/wp\/v2\/pages\/450\/revisions"}],"up":[{"embeddable":true,"href":"https:\/\/www.vignevasion-provence.com\/en\/wp-json\/wp\/v2\/pages\/14"}],"wp:featuredmedia":[{"embeddable":true,"href":"https:\/\/www.vignevasion-provence.com\/en\/wp-json\/wp\/v2\/media\/451"}],"wp:attachment":[{"href":"https:\/\/www.vignevasion-provence.com\/en\/wp-json\/wp\/v2\/media?parent=450"}],"curies":[{"name":"wp","href":"https:\/\/api.w.org\/{rel}","templated":true}]}}