{"id":29,"date":"2022-03-10T10:43:26","date_gmt":"2022-03-10T09:43:26","guid":{"rendered":"https:\/\/www.vignevasion-provence.com\/?page_id=29"},"modified":"2023-07-24T22:18:43","modified_gmt":"2023-07-24T20:18:43","slug":"conditions-generales-de-ventes","status":"publish","type":"page","link":"https:\/\/www.vignevasion-provence.com\/en\/conditions-generales-de-ventes\/","title":{"rendered":"Conditions g\u00e9n\u00e9rales de ventes"},"content":{"rendered":"<div data-elementor-type=\"wp-page\" data-elementor-id=\"29\" class=\"elementor elementor-29\" data-elementor-post-type=\"page\">\n\t\t\t\t\t\t<section class=\"elementor-section elementor-top-section elementor-element elementor-element-19a9423 elementor-section-boxed elementor-section-height-default elementor-section-height-default\" data-id=\"19a9423\" data-element_type=\"section\" data-e-type=\"section\" data-settings=\"{&quot;jet_parallax_layout_list&quot;:[],&quot;background_background&quot;:&quot;classic&quot;}\">\n\t\t\t\t\t\t\t<div class=\"elementor-background-overlay\"><\/div>\n\t\t\t\t\t\t\t<div class=\"elementor-container elementor-column-gap-default\">\n\t\t\t\t\t<div class=\"elementor-column elementor-col-100 elementor-top-column elementor-element elementor-element-e1091f5\" data-id=\"e1091f5\" data-element_type=\"column\" data-e-type=\"column\">\n\t\t\t<div class=\"elementor-widget-wrap elementor-element-populated\">\n\t\t\t\t\t\t<div class=\"elementor-element elementor-element-223237b animated-slow elementor-invisible elementor-widget elementor-widget-heading\" data-id=\"223237b\" data-element_type=\"widget\" data-e-type=\"widget\" data-settings=\"{&quot;_animation&quot;:&quot;zoomIn&quot;,&quot;_animation_delay&quot;:50}\" data-widget_type=\"heading.default\">\n\t\t\t\t<div class=\"elementor-widget-container\">\n\t\t\t\t\t<h1 class=\"elementor-heading-title elementor-size-default\">Politique de confidentialit\u00e9 &amp; cookies<\/h1>\t\t\t\t<\/div>\n\t\t\t\t<\/div>\n\t\t\t\t<div class=\"elementor-element elementor-element-e420c04 elementor-widget-divider--view-line elementor-invisible elementor-widget elementor-widget-divider\" data-id=\"e420c04\" data-element_type=\"widget\" data-e-type=\"widget\" data-settings=\"{&quot;_animation&quot;:&quot;fadeInUp&quot;,&quot;_animation_delay&quot;:350}\" data-widget_type=\"divider.default\">\n\t\t\t\t<div class=\"elementor-widget-container\">\n\t\t\t\t\t\t\t<div class=\"elementor-divider\">\n\t\t\t<span class=\"elementor-divider-separator\">\n\t\t\t\t\t\t<\/span>\n\t\t<\/div>\n\t\t\t\t\t\t<\/div>\n\t\t\t\t<\/div>\n\t\t\t\t\t<\/div>\n\t\t<\/div>\n\t\t\t\t\t<\/div>\n\t\t<\/section>\n\t\t\t\t<section class=\"elementor-section elementor-top-section elementor-element elementor-element-17cfbbf elementor-section-boxed elementor-section-height-default elementor-section-height-default\" data-id=\"17cfbbf\" data-element_type=\"section\" data-e-type=\"section\" data-settings=\"{&quot;jet_parallax_layout_list&quot;:[],&quot;background_background&quot;:&quot;classic&quot;}\">\n\t\t\t\t\t\t<div class=\"elementor-container elementor-column-gap-default\">\n\t\t\t\t\t<div class=\"elementor-column elementor-col-100 elementor-top-column elementor-element elementor-element-d06e859\" data-id=\"d06e859\" data-element_type=\"column\" data-e-type=\"column\">\n\t\t\t<div class=\"elementor-widget-wrap elementor-element-populated\">\n\t\t\t\t\t\t<div class=\"elementor-element elementor-element-cd02121 elementor-widget elementor-widget-text-editor\" data-id=\"cd02121\" data-element_type=\"widget\" data-e-type=\"widget\" data-widget_type=\"text-editor.default\">\n\t\t\t\t<div class=\"elementor-widget-container\">\n\t\t\t\t\t\t\t\t\t<p class=\"font_7\" style=\"margin-right: 0px; margin-bottom: 0px; margin-left: 0px; padding: 0px 0px 1em; border: 0px; outline: 0px; font-size: 14px; text-size-adjust: 100%; vertical-align: baseline; background: #ffffff; color: #393939; font-family: Lora, sans-serif;\">CONDITIONS G\u00c9N\u00c9RALES\u00a0DE VENTE<\/p><p class=\"font_7\" style=\"margin-right: 0px; margin-bottom: 0px; margin-left: 0px; padding: 0px 0px 1em; border: 0px; outline: 0px; font-size: 14px; text-size-adjust: 100%; vertical-align: baseline; background: #ffffff; color: #393939; font-family: Lora, sans-serif;\">Licence de transport n\u00b02018\/93\/0000763<br \/>Immatriculation d\u2019Op\u00e9rateur de Voyages et de S\u00e9jours N\u00b0 IM013180003 d\u00e9livr\u00e9e par ATOUT France<br \/>N\u00ba Siret 834 306 011 00018 \u2013 RCS Aix en Provence \u2013 APE 7911Z.<br \/>Assureur:\u00a0HISCOX N\u00b0 PRC 0167145\u00a0<\/p><p class=\"font_7\" style=\"margin-right: 0px; margin-bottom: 0px; margin-left: 0px; padding: 0px 0px 1em; border: 0px; outline: 0px; font-size: 14px; text-size-adjust: 100%; vertical-align: baseline; background: #ffffff; color: #393939; font-family: Lora, sans-serif;\">\u00a0<\/p><p class=\"font_8\" style=\"margin-right: 0px; margin-bottom: 0px; margin-left: 0px; padding: 0px 0px 1em; border: 0px; outline: 0px; font-size: 14px; text-size-adjust: 100%; vertical-align: baseline; background: #ffffff; color: #393939; font-family: Lora, sans-serif;\">La soci\u00e9t\u00e9 Vign\u00e9vasion\u00a0 met\u00a0tout en oeuvre pour garantir \u00e0 ses clients une exp\u00e9rience de qualit\u00e9 en toute s\u00e9curit\u00e9. Malgr\u00e9 ces pr\u00e9cautions,\u00a0VIGNEVASION ne pourra en aucun cas \u00eatre tenue pour responsable des co\u00fbts li\u00e9s \u00e0 des retards sur les temps de transport relevant de circonstances ind\u00e9pendantes de sa volont\u00e9, tels que des conditions m\u00e9t\u00e9o d\u00e9favorables, des embouteillages, etc\u2026.<\/p><p class=\"font_8\" style=\"margin-right: 0px; margin-bottom: 0px; margin-left: 0px; padding: 0px 0px 1em; border: 0px; outline: 0px; font-size: 14px; text-size-adjust: 100%; vertical-align: baseline; background: #ffffff; color: #393939; font-family: Lora, sans-serif;\">\u00a0<\/p><p class=\"font_8\" style=\"margin-right: 0px; margin-bottom: 0px; margin-left: 0px; padding: 0px 0px 1em; border: 0px; outline: 0px; font-size: 14px; text-size-adjust: 100%; vertical-align: baseline; background: #ffffff; color: #393939; font-family: Lora, sans-serif;\">Nous n\u2019acceptons aucune responsabilit\u00e9 concernant le vol ou la perte d\u2019effets personnels \u00e0 l\u2019int\u00e9rieur ou l\u2019ext\u00e9rieur du v\u00e9hicule durant l\u2019excursion.<\/p><p class=\"font_8\" style=\"margin-right: 0px; margin-bottom: 0px; margin-left: 0px; padding: 0px 0px 1em; border: 0px; outline: 0px; font-size: 14px; text-size-adjust: 100%; vertical-align: baseline; background: #ffffff; color: #393939; font-family: Lora, sans-serif;\">Tous les tarifs sont exprim\u00e9s en Euros \u20ac, incluent la TVA et sont amen\u00e9s \u00e0 \u00eatre modifi\u00e9s.<\/p><p class=\"font_8\" style=\"margin-right: 0px; margin-bottom: 0px; margin-left: 0px; padding: 0px 0px 1em; border: 0px; outline: 0px; font-size: 14px; text-size-adjust: 100%; vertical-align: baseline; background: #ffffff; color: #393939; font-family: Lora, sans-serif;\">\u00a0<\/p><h2 class=\"font_2\" style=\"margin: 0px; padding: 0px 0px 10px; border: 0px; outline: 0px; font-size: 26px; text-size-adjust: 100%; vertical-align: baseline; background: #ffffff; color: #333333; line-height: 1em; font-weight: bold; font-family: Lora, sans-serif;\">NOTRE TARIF INCLUT :<\/h2><ul class=\"font_8\" style=\"margin-right: 0px; margin-left: 0px; padding: 0px 0px 1em 1em; font-size: 14px; text-size-adjust: 100%; background-color: #ffffff; list-style-position: initial; list-style-image: initial; line-height: 26px; color: #666666; font-family: Montserrat, Helvetica, Arial, Lucida, sans-serif;\"><li style=\"margin-right: 0px; margin-left: 0px; padding: 0px; font-size: 14px; text-size-adjust: 100%;\"><p class=\"font_8\" style=\"margin-right: 0px; margin-bottom: 0px; margin-left: 0px; padding: 0px; border: 0px; outline: 0px; text-size-adjust: 100%; vertical-align: baseline; background: transparent; color: #393939; font-family: Lora, sans-serif;\">Les visites et les frais de d\u00e9gustation<\/p><\/li><li style=\"margin-right: 0px; margin-left: 0px; padding: 0px; font-size: 14px; text-size-adjust: 100%;\"><p class=\"font_8\" style=\"margin-right: 0px; margin-bottom: 0px; margin-left: 0px; padding: 0px; border: 0px; outline: 0px; text-size-adjust: 100%; vertical-align: baseline; background: transparent; color: #393939; font-family: Lora, sans-serif;\">Le transport dans un v\u00e9hicule climatis\u00e9 tout confort<\/p><\/li><li style=\"margin-right: 0px; margin-left: 0px; padding: 0px; font-size: 14px; text-size-adjust: 100%;\"><p class=\"font_8\" style=\"margin-right: 0px; margin-bottom: 0px; margin-left: 0px; padding: 0px; border: 0px; outline: 0px; text-size-adjust: 100%; vertical-align: baseline; background: transparent; color: #393939; font-family: Lora, sans-serif;\">L\u2019accompagnement par un professionnel des Vins de Provence<\/p><\/li><li style=\"margin-right: 0px; margin-left: 0px; padding: 0px; font-size: 14px; text-size-adjust: 100%;\"><p class=\"font_8\" style=\"margin-right: 0px; margin-bottom: 0px; margin-left: 0px; padding: 0px; border: 0px; outline: 0px; text-size-adjust: 100%; vertical-align: baseline; background: transparent; color: #393939; font-family: Lora, sans-serif;\">Le d\u00e9jeuner pique nique accompagn\u00e9 d\u2019un verre de vin<\/p><\/li><li style=\"margin-right: 0px; margin-left: 0px; padding: 0px; font-size: 14px; text-size-adjust: 100%;\"><p class=\"font_8\" style=\"margin-right: 0px; margin-bottom: 0px; margin-left: 0px; padding: 0px; border: 0px; outline: 0px; text-size-adjust: 100%; vertical-align: baseline; background: transparent; color: #393939; font-family: Lora, sans-serif;\">Reportage photo personnalis\u00e9 qui sera envoy\u00e9 sous forme de lien par mail dans les 10 jours suivant\u00a0la prestation.<\/p><\/li><\/ul><p class=\"font_8\" style=\"margin-right: 0px; margin-bottom: 0px; margin-left: 0px; padding: 0px 0px 1em; border: 0px; outline: 0px; font-size: 14px; text-size-adjust: 100%; vertical-align: baseline; background: #ffffff; color: #393939; font-family: Lora, sans-serif;\">\u00a0<\/p><p class=\"font_8\" style=\"margin-right: 0px; margin-bottom: 0px; margin-left: 0px; padding: 0px 0px 1em; border: 0px; outline: 0px; font-size: 14px; text-size-adjust: 100%; vertical-align: baseline; background: #ffffff; color: #393939; font-family: Lora, sans-serif;\">En cas d\u2019intol\u00e9rance alimentaire, il vous appartient de nous en informer lors de la r\u00e9servation.<\/p><p class=\"font_8\" style=\"margin-right: 0px; margin-bottom: 0px; margin-left: 0px; padding: 0px 0px 1em; border: 0px; outline: 0px; font-size: 14px; text-size-adjust: 100%; vertical-align: baseline; background: #ffffff; color: #393939; font-family: Lora, sans-serif;\">\u00a0<\/p><p class=\"font_8\" style=\"margin-right: 0px; margin-bottom: 0px; margin-left: 0px; padding: 0px 0px 1em; border: 0px; outline: 0px; font-size: 14px; text-size-adjust: 100%; vertical-align: baseline; background: #ffffff; color: #393939; font-family: Lora, sans-serif;\">Minimum de 2 personnes requis pour le d\u00e9part.<\/p><p class=\"font_8\" style=\"margin-right: 0px; margin-bottom: 0px; margin-left: 0px; padding: 0px 0px 1em; border: 0px; outline: 0px; font-size: 14px; text-size-adjust: 100%; vertical-align: baseline; background: #ffffff; color: #393939; font-family: Lora, sans-serif;\">\u00a0<\/p><p class=\"font_8\" style=\"margin-right: 0px; margin-bottom: 0px; margin-left: 0px; padding: 0px 0px 1em; border: 0px; outline: 0px; font-size: 14px; text-size-adjust: 100%; vertical-align: baseline; background: #ffffff; color: #393939; font-family: Lora, sans-serif;\">Pour les excursions r\u00e9guli\u00e8res du lundi au samedi: d\u00e9part depuis le point de rendez-vous indiqu\u00e9 sur la page descriptive de l\u2019excursion (sauf disposition contraire en fonction de travaux, d\u00e9fil\u00e9s ou toute manifestation ne le permettant pas).<\/p><p class=\"font_8\" style=\"margin-right: 0px; margin-bottom: 0px; margin-left: 0px; padding: 0px 0px 1em; border: 0px; outline: 0px; font-size: 14px; text-size-adjust: 100%; vertical-align: baseline; background: #ffffff; color: #393939; font-family: Lora, sans-serif;\">Les participants doivent \u00eatre \u00e2g\u00e9s de 18 ans minimum pour la consommation d\u2019alcool dans les domaines.<\/p><p class=\"font_8\" style=\"margin-right: 0px; margin-bottom: 0px; margin-left: 0px; padding: 0px 0px 1em; border: 0px; outline: 0px; font-size: 14px; text-size-adjust: 100%; vertical-align: baseline; background: #ffffff; color: #393939; font-family: Lora, sans-serif;\">Nous nous r\u00e9servons le droit de modifier tout ou partie de l\u2019itin\u00e9raire si besoin, en fonction des disponibilit\u00e9s des domaines.<\/p><p class=\"font_8\" style=\"margin-right: 0px; margin-bottom: 0px; margin-left: 0px; padding: 0px 0px 1em; border: 0px; outline: 0px; font-size: 14px; text-size-adjust: 100%; vertical-align: baseline; background: #ffffff; color: #393939; font-family: Lora, sans-serif;\">\u00a0<\/p><p class=\"font_8\" style=\"margin-right: 0px; margin-bottom: 0px; margin-left: 0px; padding: 0px 0px 1em; border: 0px; outline: 0px; font-size: 14px; text-size-adjust: 100%; vertical-align: baseline; background: #ffffff; color: #393939; font-family: Lora, sans-serif;\">En participant \u00e0 une excursion, vous autorisez VIGNEVASION \u00e0 cr\u00e9er un album photo, avec les photos prises de vous et de vos accompagnants. Cet album sera envoy\u00e9 \u00e0 tous les participants \u00e0 l\u2019excursion dans une version unique.\u00a0<\/p><p class=\"font_8\" style=\"margin-right: 0px; margin-bottom: 0px; margin-left: 0px; padding: 0px 0px 1em; border: 0px; outline: 0px; font-size: 14px; text-size-adjust: 100%; vertical-align: baseline; background: #ffffff; color: #393939; font-family: Lora, sans-serif;\">Si vous ne souhaitez pas \u00eatre photographi\u00e9, il vous appartient de le signaler au guide en d\u00e9but d\u2019excursion.\u00a0\u00a0<\/p><p class=\"font_8\" style=\"margin-right: 0px; margin-bottom: 0px; margin-left: 0px; padding: 0px 0px 1em; border: 0px; outline: 0px; font-size: 14px; text-size-adjust: 100%; vertical-align: baseline; background: #ffffff; color: #393939; font-family: Lora, sans-serif;\">\u00a0<\/p><p class=\"font_8\" style=\"margin-right: 0px; margin-bottom: 0px; margin-left: 0px; padding: 0px 0px 1em; border: 0px; outline: 0px; font-size: 14px; text-size-adjust: 100%; vertical-align: baseline; background: #ffffff; color: #393939; font-family: Lora, sans-serif;\">CONDITIONS D\u2019ANNULATION\u00a0:<\/p><p class=\"font_8\" style=\"margin-right: 0px; margin-bottom: 0px; margin-left: 0px; padding: 0px 0px 1em; border: 0px; outline: 0px; font-size: 14px; text-size-adjust: 100%; vertical-align: baseline; background: #ffffff; color: #393939; font-family: Lora, sans-serif;\">Si vous \u00eates finalement incapables d\u2019assister \u00e0 une excursion que vous avez r\u00e9serv\u00e9e et pay\u00e9e, merci de nous contacter le plus rapidement possible.<\/p><p class=\"font_8\" style=\"margin-right: 0px; margin-bottom: 0px; margin-left: 0px; padding: 0px 0px 1em; border: 0px; outline: 0px; font-size: 14px; text-size-adjust: 100%; vertical-align: baseline; background: #ffffff; color: #393939; font-family: Lora, sans-serif;\">\u00a0<\/p><p class=\"font_8\" style=\"margin-right: 0px; margin-bottom: 0px; margin-left: 0px; padding: 0px 0px 1em; border: 0px; outline: 0px; font-size: 14px; text-size-adjust: 100%; vertical-align: baseline; background: #ffffff; color: #393939; font-family: Lora, sans-serif;\">En cas\u00a0d\u2019annulation\u00a0et\/ou de\u00a0modification de la r\u00e9servation initiale, les frais suivants seront d\u00e9duits du remboursement :<br \/>\u2013\u00a0Plus de 2 semaines (14 jours)\u00a0avant le d\u00e9but de l\u2019excursion:\u00a05% du prix\u00a0de la prestation pour couvrir les frais bancaires et de remboursement associ\u00e9s.<br \/>\u2013\u00a0Entre 14 et 7 jours\u00a0avant le d\u00e9but de l\u2019excursion:\u00a050% du prix\u00a0de la prestation.<br \/>\u2013\u00a0Moins de 7 jours\u00a0avant le d\u00e9but de l\u2019excursion:\u00a0100% du prix\u00a0de la prestation.<\/p><p class=\"font_8\" style=\"margin-right: 0px; margin-bottom: 0px; margin-left: 0px; padding: 0px 0px 1em; border: 0px; outline: 0px; font-size: 14px; text-size-adjust: 100%; vertical-align: baseline; background: #ffffff; color: #393939; font-family: Lora, sans-serif;\">\u00a0<\/p><p class=\"font_8\" style=\"margin-right: 0px; margin-bottom: 0px; margin-left: 0px; padding: 0px 0px 1em; border: 0px; outline: 0px; font-size: 14px; text-size-adjust: 100%; vertical-align: baseline; background: #ffffff; color: #393939; font-family: Lora, sans-serif;\">Aucun remboursement\u00a0ne sera effectu\u00e9 si les participants ne se pr\u00e9sentent pas au d\u00e9part de l\u2019excursion r\u00e9serv\u00e9e ou s\u2019ils manquent l\u2019excursion \u00e0 cause d\u2019un retard.<\/p><p class=\"font_8\" style=\"margin-right: 0px; margin-bottom: 0px; margin-left: 0px; padding: 0px; border: 0px; outline: 0px; font-size: 14px; text-size-adjust: 100%; vertical-align: baseline; background: #ffffff; color: #393939; font-family: Lora, sans-serif;\">Pour toute autre annulation suite \u00e0 un\u00a0\u00e9v\u00e9nement ind\u00e9pendant de votre volont\u00e9, chaque demande de remboursement sera trait\u00e9e au cas par cas.<\/p>\t\t\t\t\t\t\t\t<\/div>\n\t\t\t\t<\/div>\n\t\t\t\t\t<\/div>\n\t\t<\/div>\n\t\t\t\t\t<\/div>\n\t\t<\/section>\n\t\t\t\t<section class=\"elementor-section elementor-top-section elementor-element elementor-element-62a0e2d elementor-section-boxed elementor-section-height-default elementor-section-height-default\" data-id=\"62a0e2d\" data-element_type=\"section\" data-e-type=\"section\" data-settings=\"{&quot;jet_parallax_layout_list&quot;:[]}\">\n\t\t\t\t\t\t<div class=\"elementor-container elementor-column-gap-default\">\n\t\t\t\t\t<div class=\"elementor-column elementor-col-100 elementor-top-column elementor-element elementor-element-522c023\" data-id=\"522c023\" data-element_type=\"column\" data-e-type=\"column\">\n\t\t\t<div class=\"elementor-widget-wrap\">\n\t\t\t\t\t\t\t<\/div>\n\t\t<\/div>\n\t\t\t\t\t<\/div>\n\t\t<\/section>\n\t\t\t\t<\/div>","protected":false},"excerpt":{"rendered":"<p>Politique de confidentialit\u00e9 &amp; cookies CONDITIONS G\u00c9N\u00c9RALES\u00a0DE VENTE Licence de transport n\u00b02018\/93\/0000763 Immatriculation d\u2019Op\u00e9rateur de Voyages et de S\u00e9jours N\u00b0 IM013180003 d\u00e9livr\u00e9e par ATOUT France N\u00ba Siret 834 306 011 00018 \u2013 RCS Aix en Provence \u2013 APE 7911Z. Assureur:\u00a0HISCOX N\u00b0 PRC 0167145 La soci\u00e9t\u00e9 Vign\u00e9vasion\u00a0 met\u00a0tout en oeuvre pour garantir \u00e0 ses clients une [&hellip;]<\/p>\n","protected":false},"author":1,"featured_media":0,"parent":0,"menu_order":0,"comment_status":"closed","ping_status":"closed","template":"elementor_header_footer","meta":{"footnotes":""},"class_list":["post-29","page","type-page","status-publish","hentry"],"_links":{"self":[{"href":"https:\/\/www.vignevasion-provence.com\/en\/wp-json\/wp\/v2\/pages\/29","targetHints":{"allow":["GET"]}}],"collection":[{"href":"https:\/\/www.vignevasion-provence.com\/en\/wp-json\/wp\/v2\/pages"}],"about":[{"href":"https:\/\/www.vignevasion-provence.com\/en\/wp-json\/wp\/v2\/types\/page"}],"author":[{"embeddable":true,"href":"https:\/\/www.vignevasion-provence.com\/en\/wp-json\/wp\/v2\/users\/1"}],"replies":[{"embeddable":true,"href":"https:\/\/www.vignevasion-provence.com\/en\/wp-json\/wp\/v2\/comments?post=29"}],"version-history":[{"count":0,"href":"https:\/\/www.vignevasion-provence.com\/en\/wp-json\/wp\/v2\/pages\/29\/revisions"}],"wp:attachment":[{"href":"https:\/\/www.vignevasion-provence.com\/en\/wp-json\/wp\/v2\/media?parent=29"}],"curies":[{"name":"wp","href":"https:\/\/api.w.org\/{rel}","templated":true}]}}