{"id":28,"date":"2022-03-10T10:42:54","date_gmt":"2022-03-10T09:42:54","guid":{"rendered":"https:\/\/www.vignevasion-provence.com\/?page_id=28"},"modified":"2023-07-24T22:26:27","modified_gmt":"2023-07-24T20:26:27","slug":"mentions-legales","status":"publish","type":"page","link":"https:\/\/www.vignevasion-provence.com\/en\/mentions-legales\/","title":{"rendered":"Mentions l\u00e9gales"},"content":{"rendered":"<div data-elementor-type=\"wp-page\" data-elementor-id=\"28\" class=\"elementor elementor-28\" data-elementor-post-type=\"page\">\n\t\t\t\t\t\t<section class=\"elementor-section elementor-top-section elementor-element elementor-element-9716e8a elementor-section-boxed elementor-section-height-default elementor-section-height-default\" data-id=\"9716e8a\" data-element_type=\"section\" data-e-type=\"section\" data-settings=\"{&quot;jet_parallax_layout_list&quot;:[],&quot;background_background&quot;:&quot;classic&quot;}\">\n\t\t\t\t\t\t\t<div class=\"elementor-background-overlay\"><\/div>\n\t\t\t\t\t\t\t<div class=\"elementor-container elementor-column-gap-default\">\n\t\t\t\t\t<div class=\"elementor-column elementor-col-100 elementor-top-column elementor-element elementor-element-7747f6c\" data-id=\"7747f6c\" data-element_type=\"column\" data-e-type=\"column\">\n\t\t\t<div class=\"elementor-widget-wrap elementor-element-populated\">\n\t\t\t\t\t\t<div class=\"elementor-element elementor-element-811e435 animated-slow elementor-invisible elementor-widget elementor-widget-heading\" data-id=\"811e435\" data-element_type=\"widget\" data-e-type=\"widget\" data-settings=\"{&quot;_animation&quot;:&quot;zoomIn&quot;,&quot;_animation_delay&quot;:50}\" data-widget_type=\"heading.default\">\n\t\t\t\t<div class=\"elementor-widget-container\">\n\t\t\t\t\t<h1 class=\"elementor-heading-title elementor-size-default\">Mentions l\u00e9gales<\/h1>\t\t\t\t<\/div>\n\t\t\t\t<\/div>\n\t\t\t\t<div class=\"elementor-element elementor-element-062c89b elementor-widget-divider--view-line elementor-invisible elementor-widget elementor-widget-divider\" data-id=\"062c89b\" data-element_type=\"widget\" data-e-type=\"widget\" data-settings=\"{&quot;_animation&quot;:&quot;fadeInUp&quot;,&quot;_animation_delay&quot;:350}\" data-widget_type=\"divider.default\">\n\t\t\t\t<div class=\"elementor-widget-container\">\n\t\t\t\t\t\t\t<div class=\"elementor-divider\">\n\t\t\t<span class=\"elementor-divider-separator\">\n\t\t\t\t\t\t<\/span>\n\t\t<\/div>\n\t\t\t\t\t\t<\/div>\n\t\t\t\t<\/div>\n\t\t\t\t\t<\/div>\n\t\t<\/div>\n\t\t\t\t\t<\/div>\n\t\t<\/section>\n\t\t\t\t<section class=\"elementor-section elementor-top-section elementor-element elementor-element-06b0610 elementor-section-boxed elementor-section-height-default elementor-section-height-default\" data-id=\"06b0610\" data-element_type=\"section\" data-e-type=\"section\" data-settings=\"{&quot;jet_parallax_layout_list&quot;:[],&quot;background_background&quot;:&quot;classic&quot;}\">\n\t\t\t\t\t\t<div class=\"elementor-container elementor-column-gap-default\">\n\t\t\t\t\t<div class=\"elementor-column elementor-col-100 elementor-top-column elementor-element elementor-element-110006a\" data-id=\"110006a\" data-element_type=\"column\" data-e-type=\"column\">\n\t\t\t<div class=\"elementor-widget-wrap elementor-element-populated\">\n\t\t\t\t\t\t<div class=\"elementor-element elementor-element-2a29602 elementor-widget elementor-widget-text-editor\" data-id=\"2a29602\" data-element_type=\"widget\" data-e-type=\"widget\" data-widget_type=\"text-editor.default\">\n\t\t\t\t<div class=\"elementor-widget-container\">\n\t\t\t\t\t\t\t\t\t<p class=\"font_7\"><span class=\"color_13\"><strong>SARL VIGNEVASION<\/strong>, capital social 7500\u20ac<\/span><\/p><p class=\"font_7\"><span class=\"color_13\">38 Bis Avenue de l\u2019Europe, 13090 Aix en Provence<\/span><\/p><p class=\"font_7\"><span class=\"color_13\">Siret : 834 306 011 00018 \u2013 RCS Aix en Provence<\/span><\/p><p class=\"font_7\"><span class=\"color_13\">Code APE 7911Z<\/span><\/p><p class=\"font_7\"><span class=\"color_13\">Marque d\u00e9pos\u00e9e aupr\u00e8s de l\u2019INPI : N\u00b0 national \u2013 17 4 415 909<\/span><\/p><p class=\"font_8\"><span class=\"color_13\">Immatriculation d\u2019Op\u00e9rateurs de Voyages et S\u00e9jours d\u00e9livr\u00e9e par ATOUT France \u2013 IM013180003<br \/>Assurance RCP et Transport souscrite aupr\u00e8s de\u00a0HISCOX N\u00b0 PRC 0167145\u00a0<br \/>Garantie financi\u00e8re souscrite aupr\u00e8s de l\u2019APST<\/span><\/p><p class=\"font_8\"><span class=\"color_13\">Licence de Transport de voyageurs d\u00e9livr\u00e9e par la Pr\u00e9fecture des Bouches du Rh\u00f4ne \u2013 2018\/93\/0000763<\/span><\/p><p class=\"font_8\"><span class=\"color_13\">Partenariat avec l\u2019Office du Tourisme d\u2019Aix en Provence et le Comit\u00e9 D\u00e9partemental du Tourisme des Bouches Du Rh\u00f4ne<\/span><\/p><p class=\"font_8\"><span class=\"color_13\">Donn\u00e9es personnelles: conform\u00e9ment \u00e0 la loi \u201cInformatique et Libert\u00e9s\u201d du 6 Janvier 1978, les informations fournies par l\u2019utilisateur \u00e0 VIGNEVASION sont strictement confidentielles. L\u2019utilisateur dispose d\u2019un droit d\u2019acc\u00e8s, de modification, de rectification et de suppression des donn\u00e9es qui le concernent (article 34 de la loi Informatique et Libert\u00e9s du 6 janvier 1978). Il peut simplement l\u2019exercer en adressant un courrier \u00e0 : VIGNEVASION, 38 Bis Avenue de l\u2019EUROPE,\u00a013090\u00a0Aix en Provence, France.<\/span><\/p><p class=\"font_8\"><span class=\"color_13\">Vign\u00e9vasion rappelle qu\u2019aucun logo, texte, son, contenu dans le site ne pourra \u00eatre en tout ou partie copi\u00e9, reproduit, modifi\u00e9, publi\u00e9, \u00e9mis, post\u00e9, transmis ou distribu\u00e9 par quelque moyen que ce soit sans son autorisation pr\u00e9alable \u00e9crite. Toute personne ne respectant pas les dispositions l\u00e9gales applicables se rend coupable du d\u00e9lit de contrefa\u00e7on et est passible des sanctions p\u00e9nales pr\u00e9vues par la loi.<\/span><\/p><p class=\"font_8\"><span class=\"color_13\"><strong>\u00c9dition :<\/strong> Audrey RIVIERE pour Vign\u00e9vasion<br \/><strong>Conception &amp; D\u00e9veloppement :<\/strong> <a href=\"https:\/\/www.abyxo.com\/\" target=\"_blank\" rel=\"noopener\">ABYXO, agence web<\/a><br \/><strong>Cr\u00e9dits Photo :<\/strong> Audrey RIVIERE<br \/><strong>H\u00e9bergement :<\/strong> OVH<\/span><\/p>\t\t\t\t\t\t\t\t<\/div>\n\t\t\t\t<\/div>\n\t\t\t\t\t<\/div>\n\t\t<\/div>\n\t\t\t\t\t<\/div>\n\t\t<\/section>\n\t\t\t\t<\/div>","protected":false},"excerpt":{"rendered":"<p>Mentions l\u00e9gales SARL VIGNEVASION, capital social 7500\u20ac 38 Bis Avenue de l\u2019Europe, 13090 Aix en Provence Siret : 834 306 011 00018 \u2013 RCS Aix en Provence Code APE 7911Z Marque d\u00e9pos\u00e9e aupr\u00e8s de l\u2019INPI : N\u00b0 national \u2013 17 4 415 909 Immatriculation d\u2019Op\u00e9rateurs de Voyages et S\u00e9jours d\u00e9livr\u00e9e par ATOUT France \u2013 IM013180003 [&hellip;]<\/p>\n","protected":false},"author":1,"featured_media":0,"parent":0,"menu_order":0,"comment_status":"closed","ping_status":"closed","template":"elementor_header_footer","meta":{"footnotes":""},"class_list":["post-28","page","type-page","status-publish","hentry"],"_links":{"self":[{"href":"https:\/\/www.vignevasion-provence.com\/en\/wp-json\/wp\/v2\/pages\/28","targetHints":{"allow":["GET"]}}],"collection":[{"href":"https:\/\/www.vignevasion-provence.com\/en\/wp-json\/wp\/v2\/pages"}],"about":[{"href":"https:\/\/www.vignevasion-provence.com\/en\/wp-json\/wp\/v2\/types\/page"}],"author":[{"embeddable":true,"href":"https:\/\/www.vignevasion-provence.com\/en\/wp-json\/wp\/v2\/users\/1"}],"replies":[{"embeddable":true,"href":"https:\/\/www.vignevasion-provence.com\/en\/wp-json\/wp\/v2\/comments?post=28"}],"version-history":[{"count":0,"href":"https:\/\/www.vignevasion-provence.com\/en\/wp-json\/wp\/v2\/pages\/28\/revisions"}],"wp:attachment":[{"href":"https:\/\/www.vignevasion-provence.com\/en\/wp-json\/wp\/v2\/media?parent=28"}],"curies":[{"name":"wp","href":"https:\/\/api.w.org\/{rel}","templated":true}]}}